{"id":31,"date":"2018-01-08T14:49:42","date_gmt":"2018-01-08T13:49:42","guid":{"rendered":"http:\/\/td_uid_1_5a5376f67f945"},"modified":"2018-02-13T23:44:57","modified_gmt":"2018-02-13T22:44:57","slug":"contact","status":"publish","type":"page","link":"https:\/\/whystory.pl\/en\/contact\/","title":{"rendered":"Contact"},"content":{"rendered":"<p><strong>Wydawca: &#8220;Why&#8221; Media Group<\/strong><\/p>\n<p>Redakcja:<\/p>\n<p>ul Nowy \u015awiat 53, 00-042 Warszawa<\/p>\n<p>Oddzia\u0142:<br \/>\nul Wolno\u015bci 262, 41-800 Zabrze<br \/>\ntel. 32 77 61 301, faks 32 77 61 301<\/p>\n<p><strong>Redakcja: Why STORY<\/strong><br \/>\n<img src=\"\/images\/redakcja-ml.png\" alt=\"\" \/><\/p>\n<p><strong>Redaktor naczelna: Beata Seku\u0142a<\/strong><\/p>\n<p>tel. kom. 696 014 889<br \/>\ntel. 32 77 61 301<br \/>\n<img src=\"\/images\/beata-ml.png\" alt=\"\" \/><\/p>\n<p><strong>Marketing i reklama: <\/strong><\/p>\n<p>tel. 32 77 61 301<br \/>\n<img src=\"\/images\/ml-reklama.png\" alt=\"\" \/><\/p>\n<p>&nbsp;<\/p>\n<p><strong>Redakcja:<\/strong><\/p>\n<p>beata.sekula@whystory.pl<\/p>\n<p>patryk.domurad@whystory.pl<\/p>\n<p>monika.gorka@whystory.pl<\/p>\n<p>malwina.kurpiewska@whystory.pl<\/p>\n","protected":false},"excerpt":{"rendered":"<p>Wydawca: &#8220;Why&#8221; Media Group Redakcja: ul Nowy \u015awiat 53, 00-042 Warszawa Oddzia\u0142: ul Wolno\u015bci 262, 41-800 Zabrze tel. 32 77 61 301, faks 32 77 61 301 Redakcja: Why STORY Redaktor naczelna: Beata Seku\u0142a tel. kom. 696 014 889 tel. 32 77 61 301 Marketing i reklama: tel. 32 77 61 301 &nbsp; Redakcja: beata.sekula@whystory.pl [&hellip;]<\/p>\n","protected":false},"author":1,"featured_media":0,"parent":0,"menu_order":0,"comment_status":"open","ping_status":"closed","template":"page-pagebuilder-title.php","meta":[],"acf":[],"_links":{"self":[{"href":"https:\/\/whystory.pl\/en\/wp-json\/wp\/v2\/pages\/31"}],"collection":[{"href":"https:\/\/whystory.pl\/en\/wp-json\/wp\/v2\/pages"}],"about":[{"href":"https:\/\/whystory.pl\/en\/wp-json\/wp\/v2\/types\/page"}],"author":[{"embeddable":true,"href":"https:\/\/whystory.pl\/en\/wp-json\/wp\/v2\/users\/1"}],"replies":[{"embeddable":true,"href":"https:\/\/whystory.pl\/en\/wp-json\/wp\/v2\/comments?post=31"}],"version-history":[{"count":6,"href":"https:\/\/whystory.pl\/en\/wp-json\/wp\/v2\/pages\/31\/revisions"}],"predecessor-version":[{"id":3537,"href":"https:\/\/whystory.pl\/en\/wp-json\/wp\/v2\/pages\/31\/revisions\/3537"}],"wp:attachment":[{"href":"https:\/\/whystory.pl\/en\/wp-json\/wp\/v2\/media?parent=31"}],"curies":[{"name":"wp","href":"https:\/\/api.w.org\/{rel}","templated":true}]}}